{"id":397,"date":"2025-07-08T07:28:59","date_gmt":"2025-07-08T07:28:59","guid":{"rendered":"https:\/\/3dlab.si\/?post_type=product&#038;p=397"},"modified":"2025-07-30T14:15:03","modified_gmt":"2025-07-30T14:15:03","slug":"kljuc-za-odpiranje-podajalca-papirnatih-brisac","status":"publish","type":"product","link":"https:\/\/3dlab.si\/sl\/izdelek\/kljuc-za-odpiranje-podajalca-papirnatih-brisac\/","title":{"rendered":"Klju\u010d za odpiranje podajalca papirnatih brisa\u010d"},"content":{"rendered":"<p>Klju\u010d za podajalec papirnatih brisa\u010d je prakti\u010den pripomo\u010dek, namenjen enostavnemu odpiranju razli\u010dnih modelov podajalnikov.<\/p>\n<p>Klju\u010d omogo\u010da hitro, varno in preprosto odklepanje, kar je \u0161e posebej priro\u010dno za vzdr\u017eevalce in osebje, ki skrbijo za redno polnjenje in \u010di\u0161\u010denje podajalnikov. Primeren je za uporabo z ve\u010dino standardnih podajalnikov papirnatih brisa\u010d in drugih sanitarnih naprav.<\/p>\n","protected":false},"excerpt":{"rendered":"<p>Klju\u010d za podajalec papirnatih brisa\u010d je prakti\u010den pripomo\u010dek, namenjen enostavnemu odpiranju razli\u010dnih modelov podajalnikov.<\/p>\n<p>Klju\u010d omogo\u010da hitro, varno in preprosto odklepanje, kar je \u0161e posebej priro\u010dno za vzdr\u017eevalce in osebje, ki skrbijo za redno polnjenje in \u010di\u0161\u010denje podajalnikov. Primeren je za uporabo z ve\u010dino standardnih podajalnikov papirnatih brisa\u010d in drugih sanitarnih naprav.<\/p>\n","protected":false},"featured_media":448,"comment_status":"closed","ping_status":"closed","template":"","meta":[],"product_brand":[53],"product_cat":[52],"product_tag":[],"class_list":{"0":"post-397","1":"product","2":"type-product","3":"status-publish","4":"has-post-thumbnail","6":"product_brand-3dlab","7":"product_cat-3dtisk","9":"first","10":"instock","11":"taxable","12":"shipping-taxable","13":"product-type-simple"},"_links":{"self":[{"href":"https:\/\/3dlab.si\/sl\/wp-json\/wp\/v2\/product\/397","targetHints":{"allow":["GET"]}}],"collection":[{"href":"https:\/\/3dlab.si\/sl\/wp-json\/wp\/v2\/product"}],"about":[{"href":"https:\/\/3dlab.si\/sl\/wp-json\/wp\/v2\/types\/product"}],"replies":[{"embeddable":true,"href":"https:\/\/3dlab.si\/sl\/wp-json\/wp\/v2\/comments?post=397"}],"wp:featuredmedia":[{"embeddable":true,"href":"https:\/\/3dlab.si\/sl\/wp-json\/wp\/v2\/media\/448"}],"wp:attachment":[{"href":"https:\/\/3dlab.si\/sl\/wp-json\/wp\/v2\/media?parent=397"}],"wp:term":[{"taxonomy":"product_brand","embeddable":true,"href":"https:\/\/3dlab.si\/sl\/wp-json\/wp\/v2\/product_brand?post=397"},{"taxonomy":"product_cat","embeddable":true,"href":"https:\/\/3dlab.si\/sl\/wp-json\/wp\/v2\/product_cat?post=397"},{"taxonomy":"product_tag","embeddable":true,"href":"https:\/\/3dlab.si\/sl\/wp-json\/wp\/v2\/product_tag?post=397"}],"curies":[{"name":"wp","href":"https:\/\/api.w.org\/{rel}","templated":true}]}}