{"id":389,"date":"2025-06-22T16:31:17","date_gmt":"2025-06-22T16:31:17","guid":{"rendered":"https:\/\/3dlab.si\/?post_type=product&#038;p=389"},"modified":"2025-07-30T14:19:57","modified_gmt":"2025-07-30T14:19:57","slug":"spojka-za-teleskopsko-palico","status":"publish","type":"product","link":"https:\/\/3dlab.si\/sl\/izdelek\/spojka-za-teleskopsko-palico\/","title":{"rendered":"Spojka za teleskopsko palico"},"content":{"rendered":"<p>Ta spojka je posebej zasnovana za palico teleskopa in zagotavlja trdno, zanesljivo povezavo med posameznimi segmenti. Izdelana iz kakovostnih materialov, ki so odporni na korozijo in vremenske vplive, omogo\u010da dolgotrajno uporabo tudi v zahtevnih pogojih. Spojka omogo\u010da enostavno sestavljanje in razstavljanje teleskopske palice, kar pripomore k la\u017ejemu transportu in shranjevanju.<\/p>\n","protected":false},"excerpt":{"rendered":"<p>Ta spojka je posebej zasnovana za palico teleskopa DiMartino \u0161kropilnic in zagotavlja trdno, zanesljivo povezavo med posameznimi segmenti.<\/p>\n","protected":false},"featured_media":447,"comment_status":"closed","ping_status":"closed","template":"","meta":[],"product_brand":[53],"product_cat":[52],"product_tag":[68,65,67,66,61,62,63,64],"class_list":{"0":"post-389","1":"product","2":"type-product","3":"status-publish","4":"has-post-thumbnail","6":"product_brand-3dlab","7":"product_cat-3dtisk","8":"product_tag-podaljsek-za-palico","9":"product_tag-povezovalni-del","10":"product_tag-rezervni-del","11":"product_tag-skropilnica","12":"product_tag-spojka-za-palico","13":"product_tag-spojni-element","14":"product_tag-teleskopska-palica","15":"product_tag-zamenjava-spojke","17":"first","18":"instock","19":"taxable","20":"shipping-taxable","21":"product-type-simple"},"_links":{"self":[{"href":"https:\/\/3dlab.si\/sl\/wp-json\/wp\/v2\/product\/389","targetHints":{"allow":["GET"]}}],"collection":[{"href":"https:\/\/3dlab.si\/sl\/wp-json\/wp\/v2\/product"}],"about":[{"href":"https:\/\/3dlab.si\/sl\/wp-json\/wp\/v2\/types\/product"}],"replies":[{"embeddable":true,"href":"https:\/\/3dlab.si\/sl\/wp-json\/wp\/v2\/comments?post=389"}],"wp:featuredmedia":[{"embeddable":true,"href":"https:\/\/3dlab.si\/sl\/wp-json\/wp\/v2\/media\/447"}],"wp:attachment":[{"href":"https:\/\/3dlab.si\/sl\/wp-json\/wp\/v2\/media?parent=389"}],"wp:term":[{"taxonomy":"product_brand","embeddable":true,"href":"https:\/\/3dlab.si\/sl\/wp-json\/wp\/v2\/product_brand?post=389"},{"taxonomy":"product_cat","embeddable":true,"href":"https:\/\/3dlab.si\/sl\/wp-json\/wp\/v2\/product_cat?post=389"},{"taxonomy":"product_tag","embeddable":true,"href":"https:\/\/3dlab.si\/sl\/wp-json\/wp\/v2\/product_tag?post=389"}],"curies":[{"name":"wp","href":"https:\/\/api.w.org\/{rel}","templated":true}]}}