{"id":361,"date":"2025-06-22T14:27:55","date_gmt":"2025-06-22T14:27:55","guid":{"rendered":"https:\/\/3dlab.si\/?post_type=product&#038;p=361"},"modified":"2026-04-29T14:54:44","modified_gmt":"2026-04-29T14:54:44","slug":"komplet-cepov-za-sesalnik-zdruzljiv-z-vorwerk-vc100","status":"publish","type":"product","link":"https:\/\/3dlab.si\/sl\/izdelek\/komplet-cepov-za-sesalnik-zdruzljiv-z-vorwerk-vc100\/","title":{"rendered":"Komplet \u010depov za sesalnik - zdru\u017eljiv z Vorwerk VC100"},"content":{"rendered":"<p>Posebna \u010depa za sesalnik \u00a0sta zasnovana kot u\u010dinkovita za\u0161\u010dita pred uhajanjem mr\u010desa iz notranjosti sesalnika. Komplet je namenjen uporabnikom, ki sesalnik uporabljajo tudi za lovljenje manj\u0161ih insektov, saj prepre\u010duje, da bi ti po sesanju pobegnili nazaj skozi odprtino sesalnika.<\/p>\n<p><b>Glavne prednosti:<\/b><b><\/b><\/p>\n<ul>\n<li>enostavna namestitev brez orodja,<\/li>\n<li>prepre\u010duje uhajanje insektov,<\/li>\n<li>izdelano iz trpe\u017ene, okolju prijazne plastike,<\/li>\n<\/ul>\n<p><b>Zdru\u017eljivost:<\/b><b><\/b><\/p>\n<ul>\n<li>Primerno za sesalnik Vorwerk VC100,<\/li>\n<li><b><\/b><b>Zdru\u017eljiv z VC100, ni originalni del Vorwerk!<\/b><b><\/b><\/li>\n<\/ul>\n<p>Uporaba:<\/p>\n<p>Po zaklju\u010dku sesanja preprosto namestite \u010dep na odprtino sesalnika.<br \/>\n\u010cep varno zadr\u017ei vsebino v notranjosti.<br \/>\nInsekte po sesanju spustite iz sesalnika.<\/p>\n<p><b>OPOZORILO!<\/b><br \/>\n<b>\u010cep pred vklopom sesalnika obvezno odstranite!<\/b><\/p>\n","protected":false},"excerpt":{"rendered":"<p>Posebna \u010depa za sesalnik sta zasnovana kot u\u010dinkovita za\u0161\u010dita pred uhajanjem mr\u010desa iz notranjosti sesalnika. Komplet je idealen za lovljenje manj\u0161ih insektov in prepre\u010duje, da bi po sesanju pobegnili nazaj skozi odprtino.<\/p>\n<p><b>Komplet je zdru\u017eljiv s sesalnikom Vorwerk VC100, vendar ni originalni del Vorwerk!<\/b><\/p>\n","protected":false},"featured_media":444,"comment_status":"open","ping_status":"closed","template":"","meta":[],"product_brand":[53],"product_cat":[52],"product_tag":[54,55,60,57,59,58,56,70,69,71],"class_list":{"0":"post-361","1":"product","2":"type-product","3":"status-publish","4":"has-post-thumbnail","6":"product_brand-3dlab","7":"product_cat-3dtisk","8":"product_tag-cep","9":"product_tag-cep-za-sesalnik","10":"product_tag-dodatki-za-sesalnik","11":"product_tag-namizni-sesalnik","12":"product_tag-proti-insektom","13":"product_tag-proti-mrcesu","14":"product_tag-sesanje-mrcesa","15":"product_tag-vc100","16":"product_tag-vorwerk","17":"product_tag-vorwerk-vc100","19":"first","20":"instock","21":"taxable","22":"shipping-taxable","23":"product-type-simple"},"_links":{"self":[{"href":"https:\/\/3dlab.si\/sl\/wp-json\/wp\/v2\/product\/361","targetHints":{"allow":["GET"]}}],"collection":[{"href":"https:\/\/3dlab.si\/sl\/wp-json\/wp\/v2\/product"}],"about":[{"href":"https:\/\/3dlab.si\/sl\/wp-json\/wp\/v2\/types\/product"}],"replies":[{"embeddable":true,"href":"https:\/\/3dlab.si\/sl\/wp-json\/wp\/v2\/comments?post=361"}],"wp:featuredmedia":[{"embeddable":true,"href":"https:\/\/3dlab.si\/sl\/wp-json\/wp\/v2\/media\/444"}],"wp:attachment":[{"href":"https:\/\/3dlab.si\/sl\/wp-json\/wp\/v2\/media?parent=361"}],"wp:term":[{"taxonomy":"product_brand","embeddable":true,"href":"https:\/\/3dlab.si\/sl\/wp-json\/wp\/v2\/product_brand?post=361"},{"taxonomy":"product_cat","embeddable":true,"href":"https:\/\/3dlab.si\/sl\/wp-json\/wp\/v2\/product_cat?post=361"},{"taxonomy":"product_tag","embeddable":true,"href":"https:\/\/3dlab.si\/sl\/wp-json\/wp\/v2\/product_tag?post=361"}],"curies":[{"name":"wp","href":"https:\/\/api.w.org\/{rel}","templated":true}]}}