{"id":441,"date":"2025-07-25T08:42:10","date_gmt":"2025-07-25T08:42:10","guid":{"rendered":"https:\/\/3dlab.si\/?post_type=product&#038;p=441"},"modified":"2025-07-30T14:14:52","modified_gmt":"2025-07-30T14:14:52","slug":"rocaj-za-demontazo-stropne-luci","status":"publish","type":"product","link":"http:\/\/3dlab.si\/sl\/izdelek\/rocaj-za-demontazo-stropne-luci\/","title":{"rendered":"Ro\u010daj za demonta\u017eo stropne lu\u010di"},"content":{"rendered":"<p>3D natisnjen ro\u010daj z vijaki za zati\u010d v lu\u010di je namenjen enostavni in demonta\u017ei stropnih svetil.<\/p>\n","protected":false},"excerpt":{"rendered":"<p>3D natisnjen ro\u010daj z vijaki za zati\u010d v lu\u010di je namenjen enostavni in demonta\u017ei stropnih svetil.<\/p>\n","protected":false},"featured_media":443,"comment_status":"closed","ping_status":"closed","template":"","meta":[],"product_brand":[53],"product_cat":[52],"product_tag":[],"class_list":{"0":"post-441","1":"product","2":"type-product","3":"status-publish","4":"has-post-thumbnail","6":"product_brand-3dlab","7":"product_cat-3dtisk","9":"first","10":"instock","11":"taxable","12":"shipping-taxable","13":"product-type-simple"},"_links":{"self":[{"href":"http:\/\/3dlab.si\/sl\/wp-json\/wp\/v2\/product\/441","targetHints":{"allow":["GET"]}}],"collection":[{"href":"http:\/\/3dlab.si\/sl\/wp-json\/wp\/v2\/product"}],"about":[{"href":"http:\/\/3dlab.si\/sl\/wp-json\/wp\/v2\/types\/product"}],"replies":[{"embeddable":true,"href":"http:\/\/3dlab.si\/sl\/wp-json\/wp\/v2\/comments?post=441"}],"wp:featuredmedia":[{"embeddable":true,"href":"http:\/\/3dlab.si\/sl\/wp-json\/wp\/v2\/media\/443"}],"wp:attachment":[{"href":"http:\/\/3dlab.si\/sl\/wp-json\/wp\/v2\/media?parent=441"}],"wp:term":[{"taxonomy":"product_brand","embeddable":true,"href":"http:\/\/3dlab.si\/sl\/wp-json\/wp\/v2\/product_brand?post=441"},{"taxonomy":"product_cat","embeddable":true,"href":"http:\/\/3dlab.si\/sl\/wp-json\/wp\/v2\/product_cat?post=441"},{"taxonomy":"product_tag","embeddable":true,"href":"http:\/\/3dlab.si\/sl\/wp-json\/wp\/v2\/product_tag?post=441"}],"curies":[{"name":"wp","href":"https:\/\/api.w.org\/{rel}","templated":true}]}}